{"id":779,"date":"2024-05-14T22:16:18","date_gmt":"2024-05-14T22:16:18","guid":{"rendered":"https:\/\/www.educosta.edu.co\/?page_id=779"},"modified":"2025-05-21T15:13:26","modified_gmt":"2025-05-21T15:13:26","slug":"certificacion-en-competencias-laborales","status":"publish","type":"page","link":"https:\/\/www.educosta.edu.co\/?page_id=779","title":{"rendered":"CERTIFICACI\u00d3N EN COMPETENCIAS LABORALES"},"content":{"rendered":"<p>[vc_row][vc_column][vc_column_text]<\/p>\n<h3><strong><span style=\"color: black;\">\u00bfSab\u00edas que el SENA y la CUN ofrecen certificaciones laborales de acuerdo a las ocupaciones u oficios que desempe\u00f1as en el \u00e1mbito laboral?<\/span><\/strong><\/h3>\n<p><span style=\"color: black;\">Ahora puedes tener un desempe\u00f1o m\u00e1s eficaz en el mercado nacional e internacional con las certificaciones laborales por competencias que buscan potenciar conocimientos, habilidades y actitudes necesarias para el buen desarrollo de las actividades en el sector productivo, y que te capacitan para enfrentarte a nuevos retos a nivel profesional.<\/span><\/p>\n<p><span style=\"color: black;\">Con ellas, tendr\u00e1s reconocimiento social de tu competencia laboral, se ampliar\u00e1n tus posibilidades de inserci\u00f3n, movilidad laboral y de mejoramiento continuo, as\u00ed como tambi\u00e9n podr\u00e1s adquirir un\u00a0 mecanismo para certificar tus conocimientos, habilidades y actitudes desarrolladas en tu vida laboral y profesional.<\/span><\/p>\n<p><span style=\"color: black;\">En la corporaci\u00f3n unificada nacional de educaci\u00f3n superior CUN y en convenio con la corporaci\u00f3n de educaci\u00f3n y servicios EDUCOSTA. obtendr\u00e1s:<\/span><\/p>\n<p>&nbsp;<\/p>\n<ul>\n \t<span style=\"color: black;\"><\/p>\n<li>25% de descuento si el programa es presencial<\/li>\n<li>65% de descuento si el programa de formaci\u00f3n es bajo modalidad virtual<\/li>\n<p><\/span>\n<\/ul>\n<p>&nbsp;<\/p>\n<p><span style=\"color: black;\">Mas informaci\u00f3n en <a href=\"https:\/\/cun.edu.co\/\">www.cun.edu.co<\/a><\/span>[\/vc_column_text][\/vc_column][\/vc_row]<\/p>\n","protected":false},"excerpt":{"rendered":"<p>[vc_row][vc_column][vc_column_text] \u00bfSab\u00edas que el SENA y la CUN ofrecen certificaciones laborales de acuerdo a las ocupaciones u oficios que desempe\u00f1as en el \u00e1mbito laboral? Ahora puedes<span class=\"excerpt-hellip\"> [\u2026]<\/span><\/p>\n","protected":false},"author":1,"featured_media":0,"parent":0,"menu_order":0,"comment_status":"closed","ping_status":"closed","template":"","meta":[],"_links":{"self":[{"href":"https:\/\/www.educosta.edu.co\/index.php?rest_route=\/wp\/v2\/pages\/779"}],"collection":[{"href":"https:\/\/www.educosta.edu.co\/index.php?rest_route=\/wp\/v2\/pages"}],"about":[{"href":"https:\/\/www.educosta.edu.co\/index.php?rest_route=\/wp\/v2\/types\/page"}],"author":[{"embeddable":true,"href":"https:\/\/www.educosta.edu.co\/index.php?rest_route=\/wp\/v2\/users\/1"}],"replies":[{"embeddable":true,"href":"https:\/\/www.educosta.edu.co\/index.php?rest_route=%2Fwp%2Fv2%2Fcomments&post=779"}],"version-history":[{"count":5,"href":"https:\/\/www.educosta.edu.co\/index.php?rest_route=\/wp\/v2\/pages\/779\/revisions"}],"predecessor-version":[{"id":934,"href":"https:\/\/www.educosta.edu.co\/index.php?rest_route=\/wp\/v2\/pages\/779\/revisions\/934"}],"wp:attachment":[{"href":"https:\/\/www.educosta.edu.co\/index.php?rest_route=%2Fwp%2Fv2%2Fmedia&parent=779"}],"curies":[{"name":"wp","href":"https:\/\/api.w.org\/{rel}","templated":true}]}}