{"id":692,"date":"2023-08-01T18:59:52","date_gmt":"2023-08-01T18:59:52","guid":{"rendered":"https:\/\/www.educosta.edu.co\/?page_id=692"},"modified":"2025-04-11T18:42:00","modified_gmt":"2025-04-11T18:42:00","slug":"la-institucion","status":"publish","type":"page","link":"https:\/\/www.educosta.edu.co\/?page_id=692","title":{"rendered":"LA INSTITUCI\u00d3N"},"content":{"rendered":"<p>[vc_row][vc_column][vc_column_text]<\/p>\n<h2 style=\"text-align: center;\"><strong><span style=\"color: black;\">NATURALEZA DE LA INSTITUCI\u00d3N<\/span><\/strong><\/h2>\n<p>[\/vc_column_text][\/vc_column][\/vc_row][vc_row][vc_column][vc_gallery interval=&#8221;3&#8243; images=&#8221;923,924,925,926,927,928,929&#8243; img_size=&#8221;full&#8221;][\/vc_column][\/vc_row][vc_row][vc_column][vc_column_text]<span style=\"color: black;\">La Corporaci\u00f3n de Educaci\u00f3n y Servicios \u201cEDUCOSTA\u201d, es una entidad de car\u00e1cter privado, sin \u00e1nimo de lucro, de utilidad p\u00fablica e inter\u00e9s social, se rige por el Derecho Colombiano y por la legislaci\u00f3n civil. Con Personer\u00eda Jur\u00eddica mediante resoluci\u00f3n No. 1177 del 30 de agosto del 2.005 emanada del departamento Administrativo Jur\u00eddico de la Gobernaci\u00f3n de Bol\u00edvar. Renovaci\u00f3n de Licencia de Funcionamiento para brindar Programas de Formaci\u00f3n laboral y\/o Programas de Formaci\u00f3n acad\u00e9mica mediante Resoluci\u00f3n No. 0486 del 26 de marzo de 2.009 de la Secretar\u00eda de Educaci\u00f3n y Cultura Distrital. Concepto favorable a los cinco Programas del \u00e1rea de la salud.\u00a0<\/span><\/p>\n<p><span style=\"color: black;\">Cinco Programas del \u00e1rea Administrativa aprobados por la Secretar\u00eda de Educaci\u00f3n y Cultura distrital. Con fecha 01 de marzo de 2021. Su domicilio y \u00e1mbito territorial es Cartagena de indias D. T. y C. Departamento de Bol\u00edvar y su \u00e1mbito de operaciones comprende el territorio nacional de la Rep\u00fablica de Colombia y podr\u00e1 extenderse a lo internacional, sujeto a los acuerdos y convenios con Entidades e Instituciones nacionales e internacionales. Su sede Operativa actual est\u00e1 ubicada en el Bario Amberes Avenida Principal calle 30 No 41-19.<br \/>\nTel\u00e9fonos: 605 6457957 \u2013 605 6584070 | <\/span><span style=\"color: black;\">Celular: 3205696649<br \/>\nE mail: direccion.academica@educosta.edu.co o <\/span><span style=\"color: black;\">director.ejecutivo@educosta.edu.co | <\/span><span style=\"color: black;\">Sitio web www.educosta.edu.co<\/span><\/p>\n<p><span style=\"color: black;\">La Corporaci\u00f3n de Educaci\u00f3n y Servicios EDUCOSTA, estructur\u00f3 e implement\u00f3 su Sistema integrado de gesti\u00f3n -SIG- con el prop\u00f3sito de mejorar su desempe\u00f1o y su capacidad de proporcionar productos y\/o servicios que respondan a las necesidades y expectativas de sus estudiantes, partes interesadas y cumplimiento de los requisitos legales.<br \/>\nHoy el reto es ofertar Programas con Calidad Educativa. Para responder a esta oportunidad la alta direcci\u00f3n declara cumplir los principios de las normas ISO 9001, ISO 14001 Y ISO 45001 de 2018, NTC 5555, NTC 5663, NTC 5581, que deben ser cumplidos por todos los miembros de la corporaci\u00f3n, garantizar los recursos econ\u00f3micos para la capacitaci\u00f3n frecuente de sus colaboradores, promover la seguridad y salud de los trabajadores y contratistas, el manejo eficiente<br \/>\nde los recursos y garantizar la sostenibilidad del medio ambiente. Como lo demanda el mercado laboral y la normatividad vigente.<\/span>[\/vc_column_text][\/vc_column][\/vc_row]<\/p>\n","protected":false},"excerpt":{"rendered":"<p>[vc_row][vc_column][vc_column_text] NATURALEZA DE LA INSTITUCI\u00d3N [\/vc_column_text][\/vc_column][\/vc_row][vc_row][vc_column][vc_gallery interval=&#8221;3&#8243; images=&#8221;923,924,925,926,927,928,929&#8243; img_size=&#8221;full&#8221;][\/vc_column][\/vc_row][vc_row][vc_column][vc_column_text]La Corporaci\u00f3n de Educaci\u00f3n y Servicios \u201cEDUCOSTA\u201d, es una entidad de car\u00e1cter privado, sin \u00e1nimo de lucro, de<span class=\"excerpt-hellip\"> [\u2026]<\/span><\/p>\n","protected":false},"author":1,"featured_media":0,"parent":0,"menu_order":0,"comment_status":"closed","ping_status":"closed","template":"","meta":[],"_links":{"self":[{"href":"https:\/\/www.educosta.edu.co\/index.php?rest_route=\/wp\/v2\/pages\/692"}],"collection":[{"href":"https:\/\/www.educosta.edu.co\/index.php?rest_route=\/wp\/v2\/pages"}],"about":[{"href":"https:\/\/www.educosta.edu.co\/index.php?rest_route=\/wp\/v2\/types\/page"}],"author":[{"embeddable":true,"href":"https:\/\/www.educosta.edu.co\/index.php?rest_route=\/wp\/v2\/users\/1"}],"replies":[{"embeddable":true,"href":"https:\/\/www.educosta.edu.co\/index.php?rest_route=%2Fwp%2Fv2%2Fcomments&post=692"}],"version-history":[{"count":6,"href":"https:\/\/www.educosta.edu.co\/index.php?rest_route=\/wp\/v2\/pages\/692\/revisions"}],"predecessor-version":[{"id":931,"href":"https:\/\/www.educosta.edu.co\/index.php?rest_route=\/wp\/v2\/pages\/692\/revisions\/931"}],"wp:attachment":[{"href":"https:\/\/www.educosta.edu.co\/index.php?rest_route=%2Fwp%2Fv2%2Fmedia&parent=692"}],"curies":[{"name":"wp","href":"https:\/\/api.w.org\/{rel}","templated":true}]}}