{"id":304,"date":"2021-04-01T14:32:49","date_gmt":"2021-04-01T14:32:49","guid":{"rendered":"https:\/\/www.educosta.edu.co\/?page_id=304"},"modified":"2026-01-07T20:22:21","modified_gmt":"2026-01-07T20:22:21","slug":"facilidades-de-pago","status":"publish","type":"page","link":"https:\/\/www.educosta.edu.co\/?page_id=304","title":{"rendered":"FORMAS DE PAGO"},"content":{"rendered":"<p>[vc_row][vc_column][vc_column_text]<\/p>\n<h3><strong><span style=\"color: black;\">ESTUDIA CON NOSOTROS<\/span><\/strong><\/h3>\n<p>[\/vc_column_text][\/vc_column][\/vc_row][vc_row][vc_column][vc_separator color=&#8221;orange&#8221; align=&#8221;align_left&#8221;][\/vc_column][\/vc_row][vc_row][vc_column width=&#8221;1\/2&#8243;][vc_column_text]<\/p>\n<ul>\n<li><span style=\"color: black;\">Consignaci\u00f3n cuenta corriente <strong>836-001818<\/strong>, <strong>banco de occidente<\/strong>,\u00a0corporaci\u00f3n de educaci\u00f3n y servicios EDUCOSTA.<\/span><\/li>\n<li><span style=\"color: black;\">Financiaci\u00f3n directa con la corporaci\u00f3n de educaci\u00f3n y servicios EDUCOSTA<\/span><\/li>\n<li><span style=\"color: black;\">Recibimos todas las tarjetas de d\u00e9bito y cr\u00e9dito<\/span><\/li>\n<li><span style=\"color: black;\">Consignaci\u00f3n en <strong>EFECTY<\/strong><\/li>\n<li><span style=\"color: black;\">Consignaci\u00f3n en puntos <strong>SUPER GIROS<\/strong><\/span><\/li>\n<\/ul>\n<p>&nbsp;<\/p>\n<p>&nbsp;<\/p>\n<p>&nbsp;<\/p>\n<p>&nbsp;<\/p>\n<p>&nbsp;<\/p>\n<p>&nbsp;<\/p>\n<p>&nbsp;[\/vc_column_text][\/vc_column][vc_column width=&#8221;1\/2&#8243;][vc_single_image image=&#8221;1022&#8243; img_size=&#8221;large&#8221;][\/vc_column][\/vc_row][vc_row][vc_column][vc_separator color=&#8221;orange&#8221; style=&#8221;double&#8221;][\/vc_column][\/vc_row]<\/p>\n","protected":false},"excerpt":{"rendered":"<p>[vc_row][vc_column][vc_column_text] ESTUDIA CON NOSOTROS [\/vc_column_text][\/vc_column][\/vc_row][vc_row][vc_column][vc_separator color=&#8221;orange&#8221; align=&#8221;align_left&#8221;][\/vc_column][\/vc_row][vc_row][vc_column width=&#8221;1\/2&#8243;][vc_column_text] Consignaci\u00f3n cuenta corriente 836-001818, banco de occidente,\u00a0corporaci\u00f3n de educaci\u00f3n y servicios EDUCOSTA. Financiaci\u00f3n directa con la corporaci\u00f3n de<span class=\"excerpt-hellip\"> [\u2026]<\/span><\/p>\n","protected":false},"author":1,"featured_media":0,"parent":0,"menu_order":0,"comment_status":"closed","ping_status":"closed","template":"","meta":[],"_links":{"self":[{"href":"https:\/\/www.educosta.edu.co\/index.php?rest_route=\/wp\/v2\/pages\/304"}],"collection":[{"href":"https:\/\/www.educosta.edu.co\/index.php?rest_route=\/wp\/v2\/pages"}],"about":[{"href":"https:\/\/www.educosta.edu.co\/index.php?rest_route=\/wp\/v2\/types\/page"}],"author":[{"embeddable":true,"href":"https:\/\/www.educosta.edu.co\/index.php?rest_route=\/wp\/v2\/users\/1"}],"replies":[{"embeddable":true,"href":"https:\/\/www.educosta.edu.co\/index.php?rest_route=%2Fwp%2Fv2%2Fcomments&post=304"}],"version-history":[{"count":15,"href":"https:\/\/www.educosta.edu.co\/index.php?rest_route=\/wp\/v2\/pages\/304\/revisions"}],"predecessor-version":[{"id":1023,"href":"https:\/\/www.educosta.edu.co\/index.php?rest_route=\/wp\/v2\/pages\/304\/revisions\/1023"}],"wp:attachment":[{"href":"https:\/\/www.educosta.edu.co\/index.php?rest_route=%2Fwp%2Fv2%2Fmedia&parent=304"}],"curies":[{"name":"wp","href":"https:\/\/api.w.org\/{rel}","templated":true}]}}