{"id":297,"date":"2021-04-01T00:56:35","date_gmt":"2021-04-01T00:56:35","guid":{"rendered":"https:\/\/www.educosta.edu.co\/?page_id=297"},"modified":"2024-10-24T19:21:51","modified_gmt":"2024-10-24T19:21:51","slug":"contactenos","status":"publish","type":"page","link":"https:\/\/www.educosta.edu.co\/?page_id=297","title":{"rendered":"CONTACTENOS"},"content":{"rendered":"<p>[vc_row][vc_column width=&#8221;1\/2&#8243;][vc_cta h2=&#8221;&#8221; txt_align=&#8221;center&#8221;]<\/p>\n<p style=\"text-align: center;\"><iframe loading=\"lazy\" style=\"border: none; max-width: 100%; max-height: 100vh;\" src=\"https:\/\/forms.office.com\/Pages\/ResponsePage.aspx?id=XdemMtBQJ06uSpTsLpO6tny2GeItZfhNjL9NQz0vz4xUMUY1TkNCRTdXNFpBVEJSWDcyVE1ZRjVOUy4u&amp;embed=true\" width=\"640px\" height=\"480px\" frameborder=\"0\" marginwidth=\"0\" marginheight=\"0\" allowfullscreen=\"allowfullscreen\"> <\/iframe><\/p>\n<p>[\/vc_cta][\/vc_column][vc_column width=&#8221;1\/2&#8243;][vc_column_text]&nbsp;<\/p>\n<p style=\"text-align: left;\"><strong><span style=\"color: black;\"><img loading=\"lazy\" class=\"wp-image-468 alignleft\" src=\"https:\/\/www.educosta.edu.co\/wp-content\/uploads\/2021\/04\/plantilla-nueva-educostaERE-Recuperado-300x288.png\" alt=\"\" width=\"56\" height=\"54\" srcset=\"https:\/\/www.educosta.edu.co\/wp-content\/uploads\/2021\/04\/plantilla-nueva-educostaERE-Recuperado-300x288.png 300w, https:\/\/www.educosta.edu.co\/wp-content\/uploads\/2021\/04\/plantilla-nueva-educostaERE-Recuperado-152x146.png 152w, https:\/\/www.educosta.edu.co\/wp-content\/uploads\/2021\/04\/plantilla-nueva-educostaERE-Recuperado-50x48.png 50w, https:\/\/www.educosta.edu.co\/wp-content\/uploads\/2021\/04\/plantilla-nueva-educostaERE-Recuperado-78x75.png 78w, https:\/\/www.educosta.edu.co\/wp-content\/uploads\/2021\/04\/plantilla-nueva-educostaERE-Recuperado.png 591w\" sizes=\"(max-width: 56px) 100vw, 56px\" \/>Direcci\u00f3n:<\/span><\/strong><\/p>\n<p style=\"text-align: left;\"><span style=\"color: black;\">Barrio Amberes, cl. 30#No. 41-19<\/span><\/p>\n<p>&nbsp;<\/p>\n<p style=\"text-align: left;\"><span style=\"color: black;\"><span style=\"color: #000000;\"><b><img loading=\"lazy\" class=\"wp-image-467 alignleft\" src=\"https:\/\/www.educosta.edu.co\/wp-content\/uploads\/2021\/04\/plantilla-nueva-educostaERE-ddds-300x288.png\" alt=\"\" width=\"59\" height=\"57\" srcset=\"https:\/\/www.educosta.edu.co\/wp-content\/uploads\/2021\/04\/plantilla-nueva-educostaERE-ddds-300x288.png 300w, https:\/\/www.educosta.edu.co\/wp-content\/uploads\/2021\/04\/plantilla-nueva-educostaERE-ddds-152x146.png 152w, https:\/\/www.educosta.edu.co\/wp-content\/uploads\/2021\/04\/plantilla-nueva-educostaERE-ddds-50x48.png 50w, https:\/\/www.educosta.edu.co\/wp-content\/uploads\/2021\/04\/plantilla-nueva-educostaERE-ddds-78x75.png 78w, https:\/\/www.educosta.edu.co\/wp-content\/uploads\/2021\/04\/plantilla-nueva-educostaERE-ddds.png 591w\" sizes=\"(max-width: 59px) 100vw, 59px\" \/>Correo electr\u00f3nico:<\/b><\/span><\/span><\/p>\n<p style=\"text-align: left;\"><span style=\"color: black;\">Direccion.academica@educosta.edu.co<\/span><\/p>\n<p>&nbsp;<\/p>\n<p style=\"text-align: left;\"><span style=\"color: black;\"><span style=\"color: #000000;\"><b><img loading=\"lazy\" class=\"wp-image-469 alignleft\" src=\"https:\/\/www.educosta.edu.co\/wp-content\/uploads\/2021\/04\/plantilla-nueva-educostaERE-Recuperadosdf-300x288.png\" alt=\"\" width=\"56\" height=\"54\" srcset=\"https:\/\/www.educosta.edu.co\/wp-content\/uploads\/2021\/04\/plantilla-nueva-educostaERE-Recuperadosdf-300x288.png 300w, https:\/\/www.educosta.edu.co\/wp-content\/uploads\/2021\/04\/plantilla-nueva-educostaERE-Recuperadosdf-152x146.png 152w, https:\/\/www.educosta.edu.co\/wp-content\/uploads\/2021\/04\/plantilla-nueva-educostaERE-Recuperadosdf-50x48.png 50w, https:\/\/www.educosta.edu.co\/wp-content\/uploads\/2021\/04\/plantilla-nueva-educostaERE-Recuperadosdf-78x75.png 78w, https:\/\/www.educosta.edu.co\/wp-content\/uploads\/2021\/04\/plantilla-nueva-educostaERE-Recuperadosdf.png 591w\" sizes=\"(max-width: 56px) 100vw, 56px\" \/>Tel\u00e9fonos:<\/b><\/span><\/span><\/p>\n<p style=\"text-align: left;\"><span style=\"color: black;\">605 6457957 &#8211; 605 6584070<\/span><\/p>\n<p>&nbsp;<\/p>\n<p style=\"text-align: left;\"><span style=\"color: black;\"><span style=\"color: #000000;\"><b><img loading=\"lazy\" class=\"wp-image-466 alignleft\" src=\"https:\/\/www.educosta.edu.co\/wp-content\/uploads\/2021\/04\/plantilla-nueva-educostaERE-Recuperadosdffs-300x288.png\" alt=\"\" width=\"56\" height=\"54\" srcset=\"https:\/\/www.educosta.edu.co\/wp-content\/uploads\/2021\/04\/plantilla-nueva-educostaERE-Recuperadosdffs-300x288.png 300w, https:\/\/www.educosta.edu.co\/wp-content\/uploads\/2021\/04\/plantilla-nueva-educostaERE-Recuperadosdffs-152x146.png 152w, https:\/\/www.educosta.edu.co\/wp-content\/uploads\/2021\/04\/plantilla-nueva-educostaERE-Recuperadosdffs-50x48.png 50w, https:\/\/www.educosta.edu.co\/wp-content\/uploads\/2021\/04\/plantilla-nueva-educostaERE-Recuperadosdffs-78x75.png 78w, https:\/\/www.educosta.edu.co\/wp-content\/uploads\/2021\/04\/plantilla-nueva-educostaERE-Recuperadosdffs.png 591w\" sizes=\"(max-width: 56px) 100vw, 56px\" \/>\u00a0<\/b><\/span><\/span><span style=\"color: black;\"><span style=\"color: #000000;\"><b>WhatsApp:<\/b><\/span><\/span><\/p>\n<p style=\"text-align: left;\"><span style=\"color: black;\">\u00a03205696649<\/span><\/p>\n<p>&nbsp;<\/p>\n<p>&nbsp;[\/vc_column_text][\/vc_column][\/vc_row][vc_row][vc_column][vc_separator color=&#8221;orange&#8221; style=&#8221;double&#8221; border_width=&#8221;2&#8243;][\/vc_column][\/vc_row]<\/p>\n","protected":false},"excerpt":{"rendered":"<p>[vc_row][vc_column width=&#8221;1\/2&#8243;][vc_cta h2=&#8221;&#8221; txt_align=&#8221;center&#8221;] [\/vc_cta][\/vc_column][vc_column width=&#8221;1\/2&#8243;][vc_column_text]&nbsp; Direcci\u00f3n: Barrio Amberes, cl. 30#No. 41-19 &nbsp; Correo electr\u00f3nico: Direccion.academica@educosta.edu.co &nbsp; Tel\u00e9fonos: 605 6457957 &#8211; 605 6584070 &nbsp; \u00a0WhatsApp: \u00a03205696649<span class=\"excerpt-hellip\"> [\u2026]<\/span><\/p>\n","protected":false},"author":1,"featured_media":0,"parent":0,"menu_order":0,"comment_status":"closed","ping_status":"closed","template":"","meta":[],"_links":{"self":[{"href":"https:\/\/www.educosta.edu.co\/index.php?rest_route=\/wp\/v2\/pages\/297"}],"collection":[{"href":"https:\/\/www.educosta.edu.co\/index.php?rest_route=\/wp\/v2\/pages"}],"about":[{"href":"https:\/\/www.educosta.edu.co\/index.php?rest_route=\/wp\/v2\/types\/page"}],"author":[{"embeddable":true,"href":"https:\/\/www.educosta.edu.co\/index.php?rest_route=\/wp\/v2\/users\/1"}],"replies":[{"embeddable":true,"href":"https:\/\/www.educosta.edu.co\/index.php?rest_route=%2Fwp%2Fv2%2Fcomments&post=297"}],"version-history":[{"count":12,"href":"https:\/\/www.educosta.edu.co\/index.php?rest_route=\/wp\/v2\/pages\/297\/revisions"}],"predecessor-version":[{"id":855,"href":"https:\/\/www.educosta.edu.co\/index.php?rest_route=\/wp\/v2\/pages\/297\/revisions\/855"}],"wp:attachment":[{"href":"https:\/\/www.educosta.edu.co\/index.php?rest_route=%2Fwp%2Fv2%2Fmedia&parent=297"}],"curies":[{"name":"wp","href":"https:\/\/api.w.org\/{rel}","templated":true}]}}