{"id":292,"date":"2021-04-01T00:30:53","date_gmt":"2021-04-01T00:30:53","guid":{"rendered":"https:\/\/www.educosta.edu.co\/?page_id=292"},"modified":"2026-05-11T12:49:18","modified_gmt":"2026-05-11T12:49:18","slug":"admisiones-3","status":"publish","type":"page","link":"https:\/\/www.educosta.edu.co\/?page_id=292","title":{"rendered":"ADMISIONES"},"content":{"rendered":"<p>[vc_row][vc_column width=&#8221;1\/2&#8243;][vc_column_text]<\/p>\n<h3><strong><span style=\"color: black;\">REQUISITOS DE INGRESO<\/span><\/strong><\/h3>\n<ul>\n<li><span style=\"color: black;\">Descargar el formulario de inscripci\u00f3n <strong><a href=\"https:\/\/www.educosta.edu.co\/wp-content\/uploads\/2025\/04\/FO-GA-01-FORMULARIO-DE-INSCRIPCION-V9-1.pdf\">AQU\u00cd<\/a><\/strong><\/span><\/li>\n<li><span style=\"color: black;\">Fotocopia del diploma de bachiller solo si el programa es del \u00e1rea de la salud<\/span><\/li>\n<li><span style=\"color: black;\">Fotocopia del documento de identidad<\/span><\/li>\n<li><span style=\"color: black;\">Una foto tama\u00f1o carnet<\/span><\/li>\n<li><span style=\"color: black;\">Tener 16 o mas a\u00f1os de edad<\/span><\/li>\n<li><span style=\"color: black;\">Copia de factura servicio p\u00fablico<\/span><\/li>\n<li><span style=\"color: black;\">Presentaci\u00f3n de prueba<\/span><\/li>\n<\/ul>\n<p>[\/vc_column_text][\/vc_column][vc_column width=&#8221;1\/2&#8243;][vc_column_text]<\/p>\n<h3><strong><span style=\"color: black;\">PROCESO DE INSCRIPCI\u00d3N<\/span><\/strong><\/h3>\n<ul>\n<li><span style=\"color: black;\">Diligenciar el formulario de inscripci\u00f3n<\/span><\/li>\n<li><span style=\"color: black;\">Consultar el valor de la inscripci\u00f3n<\/span><\/li>\n<li><span style=\"color: black;\">Anexar el formulario de inscripci\u00f3n , fotocopia del diploma de bachiller, copia de documento de identidad, 1 foto tama\u00f1o carnet y recibo de consignaci\u00f3n original. Dirigirse a las instalaciones de EDUCOSTA, all\u00ed recibir\u00e1 la cita con d\u00eda y hora para la prueba de admisi\u00f3n.<\/span><\/li>\n<li><span style=\"color: black;\">Para la inscripci\u00f3n es requisito ser bachiller y tener 16 o mas a\u00f1os de edad.<\/span><\/li>\n<\/ul>\n<p>[\/vc_column_text][\/vc_column][\/vc_row][vc_row][vc_column][vc_row_inner][vc_column_inner width=&#8221;1\/2&#8243;][vc_gallery interval=&#8221;3&#8243; images=&#8221;979&#8243; img_size=&#8221;large&#8221;][\/vc_column_inner][vc_column_inner width=&#8221;1\/2&#8243;][vc_gallery interval=&#8221;3&#8243; images=&#8221;1071,1068&#8243; img_size=&#8221;large&#8221;][\/vc_column_inner][\/vc_row_inner][\/vc_column][\/vc_row][vc_row][vc_column][vc_separator color=&#8221;orange&#8221; style=&#8221;double&#8221; border_width=&#8221;2&#8243;][\/vc_column][\/vc_row]<\/p>\n","protected":false},"excerpt":{"rendered":"<p>[vc_row][vc_column width=&#8221;1\/2&#8243;][vc_column_text] REQUISITOS DE INGRESO Descargar el formulario de inscripci\u00f3n AQU\u00cd Fotocopia del diploma de bachiller solo si el programa es del \u00e1rea de la salud<span class=\"excerpt-hellip\"> [\u2026]<\/span><\/p>\n","protected":false},"author":1,"featured_media":0,"parent":0,"menu_order":0,"comment_status":"closed","ping_status":"closed","template":"","meta":[],"_links":{"self":[{"href":"https:\/\/www.educosta.edu.co\/index.php?rest_route=\/wp\/v2\/pages\/292"}],"collection":[{"href":"https:\/\/www.educosta.edu.co\/index.php?rest_route=\/wp\/v2\/pages"}],"about":[{"href":"https:\/\/www.educosta.edu.co\/index.php?rest_route=\/wp\/v2\/types\/page"}],"author":[{"embeddable":true,"href":"https:\/\/www.educosta.edu.co\/index.php?rest_route=\/wp\/v2\/users\/1"}],"replies":[{"embeddable":true,"href":"https:\/\/www.educosta.edu.co\/index.php?rest_route=%2Fwp%2Fv2%2Fcomments&post=292"}],"version-history":[{"count":21,"href":"https:\/\/www.educosta.edu.co\/index.php?rest_route=\/wp\/v2\/pages\/292\/revisions"}],"predecessor-version":[{"id":1073,"href":"https:\/\/www.educosta.edu.co\/index.php?rest_route=\/wp\/v2\/pages\/292\/revisions\/1073"}],"wp:attachment":[{"href":"https:\/\/www.educosta.edu.co\/index.php?rest_route=%2Fwp%2Fv2%2Fmedia&parent=292"}],"curies":[{"name":"wp","href":"https:\/\/api.w.org\/{rel}","templated":true}]}}