{"id":163,"date":"2021-03-28T22:40:01","date_gmt":"2021-03-28T22:40:01","guid":{"rendered":"https:\/\/www.educosta.edu.co\/?page_id=163"},"modified":"2025-07-21T18:47:21","modified_gmt":"2025-07-21T18:47:21","slug":"te","status":"publish","type":"page","link":"https:\/\/www.educosta.edu.co\/?page_id=163","title":{"rendered":"T\u00c9CNICO LABORAL AUXILIAR EN ASISTENCIA ADMINISTRATIVA"},"content":{"rendered":"<p>[vc_row][vc_column width=&#8221;1\/2&#8243;][vc_gallery interval=&#8221;3&#8243; images=&#8221;963,596,883&#8243; img_size=&#8221;large&#8221;][\/vc_column][vc_column width=&#8221;1\/2&#8243;][vc_column_text]<strong><span style=\"color: black;\">Duraci\u00f3n<\/span><\/strong>: <span style=\"color: black;\">\u00a03 semestres<\/span><\/p>\n<p><strong><span style=\"color: black;\">Modalidad:<\/span><\/strong> <span style=\"color: black;\">Presencial<\/span><\/p>\n<p><strong><span style=\"color: black;\">Jornada:<\/span><\/strong> <span style=\"color: black;\">Nocturno<\/span><\/p>\n<p><span style=\"color: black;\"><strong>APROBACI\u00d3N<\/strong>: \u00a0Resoluci\u00f3n No. 0912 del 01 de marzo del 2021 de la Secretar\u00eda de Educaci\u00f3n y Cultura Distrital.<\/span><\/p>\n<h5><strong><span style=\"color: black;\">PERFIL OCUPACIONAL<\/span><\/strong><\/h5>\n<p><span style=\"color: black;\">El T\u00e9cnico Laboral Auxiliar en asistencia administrativa egresado de la Corporaci\u00f3n de Educaci\u00f3n y servicios EDUCOSTA, est\u00e1 capacitado para:<\/span><\/p>\n<ul>\n<li><span style=\"color: black;\">Asistente administrativo<\/span><\/li>\n<li><span style=\"color: black;\">Auxiliar administrativo<\/span><\/li>\n<li><span style=\"color: black;\">Secretario administrativo<\/span><\/li>\n<\/ul>\n<p>&nbsp;[\/vc_column_text][\/vc_column][\/vc_row][vc_row][vc_column][vc_separator color=&#8221;orange&#8221; style=&#8221;double&#8221; border_width=&#8221;2&#8243;][\/vc_column][\/vc_row]<\/p>\n","protected":false},"excerpt":{"rendered":"<p>[vc_row][vc_column width=&#8221;1\/2&#8243;][vc_gallery interval=&#8221;3&#8243; images=&#8221;963,596,883&#8243; img_size=&#8221;large&#8221;][\/vc_column][vc_column width=&#8221;1\/2&#8243;][vc_column_text]Duraci\u00f3n: \u00a03 semestres Modalidad: Presencial Jornada: Nocturno APROBACI\u00d3N: \u00a0Resoluci\u00f3n No. 0912 del 01 de marzo del 2021 de la Secretar\u00eda de<span class=\"excerpt-hellip\"> [\u2026]<\/span><\/p>\n","protected":false},"author":1,"featured_media":0,"parent":0,"menu_order":0,"comment_status":"closed","ping_status":"closed","template":"","meta":[],"_links":{"self":[{"href":"https:\/\/www.educosta.edu.co\/index.php?rest_route=\/wp\/v2\/pages\/163"}],"collection":[{"href":"https:\/\/www.educosta.edu.co\/index.php?rest_route=\/wp\/v2\/pages"}],"about":[{"href":"https:\/\/www.educosta.edu.co\/index.php?rest_route=\/wp\/v2\/types\/page"}],"author":[{"embeddable":true,"href":"https:\/\/www.educosta.edu.co\/index.php?rest_route=\/wp\/v2\/users\/1"}],"replies":[{"embeddable":true,"href":"https:\/\/www.educosta.edu.co\/index.php?rest_route=%2Fwp%2Fv2%2Fcomments&post=163"}],"version-history":[{"count":16,"href":"https:\/\/www.educosta.edu.co\/index.php?rest_route=\/wp\/v2\/pages\/163\/revisions"}],"predecessor-version":[{"id":971,"href":"https:\/\/www.educosta.edu.co\/index.php?rest_route=\/wp\/v2\/pages\/163\/revisions\/971"}],"wp:attachment":[{"href":"https:\/\/www.educosta.edu.co\/index.php?rest_route=%2Fwp%2Fv2%2Fmedia&parent=163"}],"curies":[{"name":"wp","href":"https:\/\/api.w.org\/{rel}","templated":true}]}}