{"id":161,"date":"2021-03-28T22:40:01","date_gmt":"2021-03-28T22:40:01","guid":{"rendered":"https:\/\/www.educosta.edu.co\/?page_id=161"},"modified":"2026-05-04T16:39:33","modified_gmt":"2026-05-04T16:39:33","slug":"tecnico-laboral-auxiliar-administrativo-en-salud","status":"publish","type":"page","link":"https:\/\/www.educosta.edu.co\/?page_id=161","title":{"rendered":"T\u00c9CNICO LABORAL AUXILIAR ADMINISTRATIVO EN SALUD"},"content":{"rendered":"<p>[vc_row][vc_column width=&#8221;1\/2&#8243;][vc_gallery type=&#8221;nivo&#8221; interval=&#8221;3&#8243; images=&#8221;1052,859,890&#8243; img_size=&#8221;large&#8221;][\/vc_column][vc_column width=&#8221;1\/2&#8243;][vc_column_text]<strong><span style=\"color: black;\">Duraci\u00f3n<\/span><\/strong>: <span style=\"color: black;\">\u00a02 semestres te\u00f3ricos y practicas formativas<\/span><\/p>\n<p><strong><span style=\"color: black;\">Modalidad:<\/span><\/strong> <span style=\"color: black;\">Presencial<\/span><\/p>\n<p><strong><span style=\"color: black;\">Jornada:<\/span><\/strong> <span style=\"color: black;\">Diurno<\/span><\/p>\n<p><strong><span style=\"color: black;\">APROBACI\u00d3N<\/span><\/strong>: <span style=\"color: black;\">Con concepto favorable de la comisi\u00f3n intersectorial para el talento humano en salud<\/span><span style=\"color: black;\">, Ministerio de Protecci\u00f3n social y resoluci\u00f3n No. 5125 del 6 de septiembre del 2024 de la Secretar\u00eda de Educaci\u00f3n y Cultura Distrital.<\/span><\/p>\n<h5><strong><span style=\"color: black;\">PERFIL OCUPACIONAL<\/span><\/strong><\/h5>\n<p><span style=\"color: black;\">El t\u00e9cnico laboral auxiliar administrativo en salud, egresado de la Corporaci\u00f3n de Educaci\u00f3n y servicios EDUCOSTA, est\u00e1 capacitado para:<\/span><\/p>\n<ul>\n<li><span style=\"color: black;\">Desarrollar con habilidad, destreza y humanismo, funciones de orientaci\u00f3n y atenci\u00f3n a las personas en su ingreso a la red de Seguridad Social en Salud<\/span><\/li>\n<li><span style=\"color: black;\">Afiliaci\u00f3n de la poblaci\u00f3n<\/span><\/li>\n<li><span style=\"color: black;\">Manejo de valores e ingresos de la empresa seg\u00fan su competencia<\/span><\/li>\n<\/ul>\n<p><span style=\"color: black;\">Desarrollando una relaci\u00f3n proactiva con el equipo interdisciplinario de salud.<\/span><\/p>\n<p>&nbsp;[\/vc_column_text][\/vc_column][\/vc_row][vc_row][vc_column][vc_separator color=&#8221;orange&#8221; style=&#8221;double&#8221; border_width=&#8221;2&#8243;][\/vc_column][\/vc_row]<\/p>\n","protected":false},"excerpt":{"rendered":"<p>[vc_row][vc_column width=&#8221;1\/2&#8243;][vc_gallery type=&#8221;nivo&#8221; interval=&#8221;3&#8243; images=&#8221;1052,859,890&#8243; img_size=&#8221;large&#8221;][\/vc_column][vc_column width=&#8221;1\/2&#8243;][vc_column_text]Duraci\u00f3n: \u00a02 semestres te\u00f3ricos y practicas formativas Modalidad: Presencial Jornada: Diurno APROBACI\u00d3N: Con concepto favorable de la comisi\u00f3n intersectorial para<span class=\"excerpt-hellip\"> [\u2026]<\/span><\/p>\n","protected":false},"author":1,"featured_media":0,"parent":0,"menu_order":0,"comment_status":"closed","ping_status":"closed","template":"","meta":[],"_links":{"self":[{"href":"https:\/\/www.educosta.edu.co\/index.php?rest_route=\/wp\/v2\/pages\/161"}],"collection":[{"href":"https:\/\/www.educosta.edu.co\/index.php?rest_route=\/wp\/v2\/pages"}],"about":[{"href":"https:\/\/www.educosta.edu.co\/index.php?rest_route=\/wp\/v2\/types\/page"}],"author":[{"embeddable":true,"href":"https:\/\/www.educosta.edu.co\/index.php?rest_route=\/wp\/v2\/users\/1"}],"replies":[{"embeddable":true,"href":"https:\/\/www.educosta.edu.co\/index.php?rest_route=%2Fwp%2Fv2%2Fcomments&post=161"}],"version-history":[{"count":21,"href":"https:\/\/www.educosta.edu.co\/index.php?rest_route=\/wp\/v2\/pages\/161\/revisions"}],"predecessor-version":[{"id":1062,"href":"https:\/\/www.educosta.edu.co\/index.php?rest_route=\/wp\/v2\/pages\/161\/revisions\/1062"}],"wp:attachment":[{"href":"https:\/\/www.educosta.edu.co\/index.php?rest_route=%2Fwp%2Fv2%2Fmedia&parent=161"}],"curies":[{"name":"wp","href":"https:\/\/api.w.org\/{rel}","templated":true}]}}