{"id":150,"date":"2021-03-28T22:40:00","date_gmt":"2021-03-28T22:40:00","guid":{"rendered":"https:\/\/www.educosta.edu.co\/?page_id=150"},"modified":"2025-11-24T21:09:30","modified_gmt":"2025-11-24T21:09:30","slug":"reglamento","status":"publish","type":"page","link":"https:\/\/www.educosta.edu.co\/?page_id=150","title":{"rendered":"REGLAMENTO"},"content":{"rendered":"<p>[vc_row][vc_column][vc_row_inner][vc_column_inner width=&#8221;1\/2&#8243;][vc_column_text]<\/p>\n<h3><strong><span style=\"color: black;\">DEFINICI\u00d3N<\/span><\/strong><\/h3>\n<p style=\"text-align:justify\">\n<span style=\"color: black;\">El reglamento pedag\u00f3gico es el documento que recopila e integra los procesos, para vivenciar la misi\u00f3n, fortalecer el alcance de la visi\u00f3n, en un ambiente que promueva la cultura del conocimiento, la convivencia asertiva y la construcci\u00f3n de aprendizajes significativos que transformen las relaciones e interrelaciones de la comunidad educativa para impactar el entorno.<\/span><\/p>\n<h3><strong><span style=\"color: black;\">OBJETIVOS<\/span><\/strong><\/h3>\n<p style=\"text-align:justify\">\n<span style=\"color: black;\">Establecer normas para la convivencia arm\u00f3nica entre los miembros de la comunidad educativa, haciendo \u00e9nfasis en el respeto por los derechos humanos y el cumplimiento de los procesos, planes y programas acad\u00e9micos institucionales, que conduzcan a la formaci\u00f3n y transformaci\u00f3n del estudiante.<\/span>[\/vc_column_text][\/vc_column_inner][vc_column_inner width=&#8221;1\/2&#8243;][vc_cta h2=&#8221;&#8221; txt_align=&#8221;center&#8221; shape=&#8221;round&#8221; add_button=&#8221;bottom&#8221; btn_title=&#8221;MOSTRAR&#8221; btn_shape=&#8221;round&#8221; btn_color=&#8221;warning&#8221; btn_align=&#8221;center&#8221; btn_link=&#8221;url:https%3A%2F%2Fwww.educosta.edu.co%2Fwp-content%2Fuploads%2F2025%2F11%2FREGLAMENTO-PEDAGOGICO-2.pdf||target:%20_blank|&#8221;]<\/p>\n<h4><strong><span style=\"color: black;\">REGLAMENTO PEDAG\u00d3GICO<\/span><\/strong><\/h4>\n<p>[\/vc_cta][\/vc_column_inner][\/vc_row_inner][\/vc_column][\/vc_row][vc_row][vc_column][vc_separator color=&#8221;orange&#8221; style=&#8221;double&#8221; border_width=&#8221;2&#8243;][\/vc_column][\/vc_row]<\/p>\n","protected":false},"excerpt":{"rendered":"<p>[vc_row][vc_column][vc_row_inner][vc_column_inner width=&#8221;1\/2&#8243;][vc_column_text] DEFINICI\u00d3N El reglamento pedag\u00f3gico es el documento que recopila e integra los procesos, para vivenciar la misi\u00f3n, fortalecer el alcance de la visi\u00f3n, en<span class=\"excerpt-hellip\"> [\u2026]<\/span><\/p>\n","protected":false},"author":1,"featured_media":0,"parent":0,"menu_order":0,"comment_status":"closed","ping_status":"closed","template":"","meta":[],"_links":{"self":[{"href":"https:\/\/www.educosta.edu.co\/index.php?rest_route=\/wp\/v2\/pages\/150"}],"collection":[{"href":"https:\/\/www.educosta.edu.co\/index.php?rest_route=\/wp\/v2\/pages"}],"about":[{"href":"https:\/\/www.educosta.edu.co\/index.php?rest_route=\/wp\/v2\/types\/page"}],"author":[{"embeddable":true,"href":"https:\/\/www.educosta.edu.co\/index.php?rest_route=\/wp\/v2\/users\/1"}],"replies":[{"embeddable":true,"href":"https:\/\/www.educosta.edu.co\/index.php?rest_route=%2Fwp%2Fv2%2Fcomments&post=150"}],"version-history":[{"count":18,"href":"https:\/\/www.educosta.edu.co\/index.php?rest_route=\/wp\/v2\/pages\/150\/revisions"}],"predecessor-version":[{"id":1019,"href":"https:\/\/www.educosta.edu.co\/index.php?rest_route=\/wp\/v2\/pages\/150\/revisions\/1019"}],"wp:attachment":[{"href":"https:\/\/www.educosta.edu.co\/index.php?rest_route=%2Fwp%2Fv2%2Fmedia&parent=150"}],"curies":[{"name":"wp","href":"https:\/\/api.w.org\/{rel}","templated":true}]}}