{"id":147,"date":"2021-03-28T22:40:00","date_gmt":"2021-03-28T22:40:00","guid":{"rendered":"https:\/\/www.educosta.edu.co\/?page_id=147"},"modified":"2025-01-29T12:55:54","modified_gmt":"2025-01-29T12:55:54","slug":"objetivos-institucionales","status":"publish","type":"page","link":"https:\/\/www.educosta.edu.co\/?page_id=147","title":{"rendered":"OBJETIVOS INSTITUCIONALES"},"content":{"rendered":"<p>[vc_row][vc_column width=&#8221;1\/2&#8243;][vc_column_text]<\/p>\n<h3><strong><span style=\"color: black;\">NUESTROS OBJETIVOS<\/span><\/strong><\/h3>\n<p>&nbsp;<\/p>\n<p><span style=\"color: black;\">1. Desarrollar programas de formaci\u00f3n por competencias laborales, promoviendo en el educando la construcci\u00f3n de una conciencia de responsabilidad, respeto a la dignidad humana, la solidaridad y la capacidad de servicio.<\/span><\/p>\n<p><span style=\"color: black;\">2. Garantizar la sostenibilidad financiera de la Corporaci\u00f3n a corto y largo plazo con tarifas justas y competitivas en el mercado<\/span><\/p>\n<p><span style=\"color: black;\">3. Fomentar la actualizaci\u00f3n de los docentes en pedagog\u00eda y did\u00e1ctica que permitan generar h\u00e1bitos y habilidades encaminados al desarrollo del ser, el saber y el saber hacer, para el fortalecimiento del estudiante.<\/span>[\/vc_column_text][\/vc_column][vc_column width=&#8221;1\/2&#8243;][vc_single_image image=&#8221;888&#8243; img_size=&#8221;full&#8221;][\/vc_column][\/vc_row][vc_row][vc_column][vc_separator color=&#8221;orange&#8221; style=&#8221;double&#8221; border_width=&#8221;2&#8243;][\/vc_column][\/vc_row]<\/p>\n","protected":false},"excerpt":{"rendered":"<p>[vc_row][vc_column width=&#8221;1\/2&#8243;][vc_column_text] NUESTROS OBJETIVOS &nbsp; 1. Desarrollar programas de formaci\u00f3n por competencias laborales, promoviendo en el educando la construcci\u00f3n de una conciencia de responsabilidad, respeto a<span class=\"excerpt-hellip\"> [\u2026]<\/span><\/p>\n","protected":false},"author":1,"featured_media":0,"parent":0,"menu_order":0,"comment_status":"closed","ping_status":"closed","template":"","meta":[],"_links":{"self":[{"href":"https:\/\/www.educosta.edu.co\/index.php?rest_route=\/wp\/v2\/pages\/147"}],"collection":[{"href":"https:\/\/www.educosta.edu.co\/index.php?rest_route=\/wp\/v2\/pages"}],"about":[{"href":"https:\/\/www.educosta.edu.co\/index.php?rest_route=\/wp\/v2\/types\/page"}],"author":[{"embeddable":true,"href":"https:\/\/www.educosta.edu.co\/index.php?rest_route=\/wp\/v2\/users\/1"}],"replies":[{"embeddable":true,"href":"https:\/\/www.educosta.edu.co\/index.php?rest_route=%2Fwp%2Fv2%2Fcomments&post=147"}],"version-history":[{"count":8,"href":"https:\/\/www.educosta.edu.co\/index.php?rest_route=\/wp\/v2\/pages\/147\/revisions"}],"predecessor-version":[{"id":889,"href":"https:\/\/www.educosta.edu.co\/index.php?rest_route=\/wp\/v2\/pages\/147\/revisions\/889"}],"wp:attachment":[{"href":"https:\/\/www.educosta.edu.co\/index.php?rest_route=%2Fwp%2Fv2%2Fmedia&parent=147"}],"curies":[{"name":"wp","href":"https:\/\/api.w.org\/{rel}","templated":true}]}}