{"id":145,"date":"2021-03-28T22:40:00","date_gmt":"2021-03-28T22:40:00","guid":{"rendered":"https:\/\/www.educosta.edu.co\/?page_id=145"},"modified":"2024-04-22T17:18:57","modified_gmt":"2024-04-22T17:18:57","slug":"quienes-somos","status":"publish","type":"page","link":"https:\/\/www.educosta.edu.co\/?page_id=145","title":{"rendered":"QUIENES SOMOS"},"content":{"rendered":"<p>[vc_row][vc_column width=&#8221;1\/2&#8243;][vc_column_text]<\/p>\n<h3><strong><span style=\"color: black;\">MISI\u00d3N<\/span><\/strong><\/h3>\n<p style=\"text-align:justify\">\n<span style=\"color: black;\">Somos una Corporaci\u00f3n de Educaci\u00f3n y Servicios. Nuestro prop\u00f3sito, es la formaci\u00f3n del talento humano para la vida y el mundo laboral en un ambiente globalizado, competitivo y cambiante. Estamos comprometidos con la formaci\u00f3n de nuestros estudiantes, prepar\u00e1ndolos por competencias laborales, apoyados en un talento humano id\u00f3neo, cultura del servicio, mejoramiento continuo de los procesos, manejo efectivo de los recursos para garantizar la sostenibilidad institucional, ambiental y lograr la satisfacci\u00f3n de nuestros clientes.<\/span><\/p>\n<h3><strong><span style=\"color: black;\">VISI\u00d3N<\/span><\/strong><\/h3>\n<p style=\"text-align:justify\">\n<span style=\"color: black;\">En el 2.026, La Corporaci\u00f3n de educaci\u00f3n y servicios EDUCOSTA seguir\u00e1 siendo una de las mejores instituciones de educaci\u00f3n para el trabajo y el desarrollo humano, certificada integralmente en sus procesos de gesti\u00f3n y sus programas de formaci\u00f3n, ofreciendo capacitaci\u00f3n por competencias laborales especificas con alta calidad, posicionada y reconocida a nivel local, regional y nacional por su liderazgo y alta gesti\u00f3n, garantizando la satisfacci\u00f3n de sus clientes y la protecci\u00f3n del medio ambiente, de acuerdo con la pertinencia laboral demandada por el sector productivo.<\/span>[\/vc_column_text][\/vc_column][vc_column width=&#8221;1\/2&#8243;][vc_single_image image=&#8221;736&#8243; img_size=&#8221;large&#8221;][\/vc_column][\/vc_row][vc_row][vc_column][vc_separator color=&#8221;orange&#8221; style=&#8221;double&#8221; border_width=&#8221;2&#8243;][\/vc_column][\/vc_row]<\/p>\n","protected":false},"excerpt":{"rendered":"<p>[vc_row][vc_column width=&#8221;1\/2&#8243;][vc_column_text] MISI\u00d3N Somos una Corporaci\u00f3n de Educaci\u00f3n y Servicios. Nuestro prop\u00f3sito, es la formaci\u00f3n del talento humano para la vida y el mundo laboral en<span class=\"excerpt-hellip\"> [\u2026]<\/span><\/p>\n","protected":false},"author":1,"featured_media":0,"parent":0,"menu_order":0,"comment_status":"closed","ping_status":"closed","template":"","meta":[],"_links":{"self":[{"href":"https:\/\/www.educosta.edu.co\/index.php?rest_route=\/wp\/v2\/pages\/145"}],"collection":[{"href":"https:\/\/www.educosta.edu.co\/index.php?rest_route=\/wp\/v2\/pages"}],"about":[{"href":"https:\/\/www.educosta.edu.co\/index.php?rest_route=\/wp\/v2\/types\/page"}],"author":[{"embeddable":true,"href":"https:\/\/www.educosta.edu.co\/index.php?rest_route=\/wp\/v2\/users\/1"}],"replies":[{"embeddable":true,"href":"https:\/\/www.educosta.edu.co\/index.php?rest_route=%2Fwp%2Fv2%2Fcomments&post=145"}],"version-history":[{"count":13,"href":"https:\/\/www.educosta.edu.co\/index.php?rest_route=\/wp\/v2\/pages\/145\/revisions"}],"predecessor-version":[{"id":739,"href":"https:\/\/www.educosta.edu.co\/index.php?rest_route=\/wp\/v2\/pages\/145\/revisions\/739"}],"wp:attachment":[{"href":"https:\/\/www.educosta.edu.co\/index.php?rest_route=%2Fwp%2Fv2%2Fmedia&parent=145"}],"curies":[{"name":"wp","href":"https:\/\/api.w.org\/{rel}","templated":true}]}}