{"id":123,"date":"2021-03-28T17:12:49","date_gmt":"2021-03-28T17:12:49","guid":{"rendered":"https:\/\/www.educosta.edu.co\/?page_id=123"},"modified":"2025-10-01T21:51:53","modified_gmt":"2025-10-01T21:51:53","slug":"esal-dian","status":"publish","type":"page","link":"https:\/\/www.educosta.edu.co\/?page_id=123","title":{"rendered":"ESAL DIAN"},"content":{"rendered":"<p>[vc_row][vc_column][vc_column_text]<\/p>\n<h4 style=\"text-align: left;\"><span style=\"color: black;\">La siguiente informaci\u00f3n, por regulaci\u00f3n de la DIAN, debe publicarse por 10 d\u00edas en la pagina web de EDUCOSTA para acceso publico y se permitir\u00e1 a partir de la misma enviar solicitudes de informaci\u00f3n adicionales a trav\u00e9s del siguiente acceso de env\u00edo por correo electr\u00f3nico.<\/span><\/h4>\n<p>[\/vc_column_text][\/vc_column][\/vc_row][vc_row][vc_column][vc_row_inner][vc_column_inner width=&#8221;1\/4&#8243;][vc_cta h2=&#8221;&#8221; add_button=&#8221;bottom&#8221; btn_title=&#8221;MOSTRAR&#8221; btn_shape=&#8221;round&#8221; btn_color=&#8221;warning&#8221; btn_link=&#8221;url:https%3A%2F%2Fwww.educosta.edu.co%2Fwp-content%2Fuploads%2F2025%2F10%2F1.-INFORME-ANUAL-DE-RESULTADOS-EDUCOSTA.pdf||target:%20_blank|&#8221;]<strong><span style=\"color: black;\">1. INFORME ANUAL DE RESULTADOS EDUCOSTA PDF<\/span><\/strong>[\/vc_cta][\/vc_column_inner][vc_column_inner width=&#8221;1\/4&#8243;][vc_cta h2=&#8221;&#8221; shape=&#8221;square&#8221; add_button=&#8221;bottom&#8221; btn_title=&#8221;MOSTRAR&#8221; btn_shape=&#8221;round&#8221; btn_color=&#8221;warning&#8221; btn_link=&#8221;url:https%3A%2F%2Fwww.educosta.edu.co%2Fwp-content%2Fuploads%2F2025%2F10%2F2.-CERTIFICACION-REQUISITOS-13-PAR.-2-ART-364-5.pdf||target:%20_blank|&#8221;]<strong><span style=\"color: black;\">2. CERTIFICACI\u00d3N REQUISITOS 13 &#8211; PAR 2 &#8211; ART 364 &#8211; 5<\/span><\/strong>[\/vc_cta][\/vc_column_inner][vc_column_inner width=&#8221;1\/4&#8243;][vc_cta h2=&#8221;&#8221; add_button=&#8221;bottom&#8221; btn_title=&#8221;MOSTRAR&#8221; btn_shape=&#8221;round&#8221; btn_color=&#8221;warning&#8221; btn_link=&#8221;url:https%3A%2F%2Fwww.educosta.edu.co%2Fwp-content%2Fuploads%2F2025%2F10%2F3.-ACTA-DE-CONSTITUCION-Y-RESOLUCION-1177-DC-2005-08-30-.pdf||target:%20_blank|&#8221;]<strong><span style=\"color: black;\">3. ACTA DE CONSTITUCI\u00d3N Y RESOLUCI\u00d3N 1177 DC 2005-08-30<\/span><\/strong>[\/vc_cta][\/vc_column_inner][vc_column_inner width=&#8221;1\/4&#8243;][vc_cta h2=&#8221;&#8221; add_button=&#8221;bottom&#8221; btn_title=&#8221;MOSTRAR&#8221; btn_shape=&#8221;round&#8221; btn_color=&#8221;warning&#8221; btn_link=&#8221;url:https%3A%2F%2Fwww.educosta.edu.co%2Fwp-content%2Fuploads%2F2025%2F10%2F4.-ACTA-DE-ASAMBLEA-GENERAL-ESTADO-ASIGNACIONES-PERMANENTES-copia.pdf||target:%20_blank|&#8221;]<strong><span style=\"color: black;\">4. ACTA DE ASAMBLEA GENERAL ESTADO ASIGNACIONES <\/span><\/strong>[\/vc_cta][\/vc_column_inner][\/vc_row_inner][\/vc_column][\/vc_row][vc_row][vc_column width=&#8221;1\/4&#8243;][vc_cta h2=&#8221;&#8221; add_button=&#8221;bottom&#8221; btn_title=&#8221;MOSTRAR&#8221; btn_shape=&#8221;round&#8221; btn_color=&#8221;warning&#8221; btn_link=&#8221;url:https%3A%2F%2Fwww.educosta.edu.co%2Fwp-content%2Fuploads%2F2025%2F10%2F5.-CERTIFICACION-NOMBRES-CARGOS-DIRECTIVOS.pdf||target:%20_blank|&#8221;]<strong><span style=\"color: black;\">5. CERTIFICACI\u00d3N NOMBRES CARGOS DIRECTIVOS<\/span><\/strong>[\/vc_cta][\/vc_column][vc_column width=&#8221;1\/4&#8243;][vc_cta h2=&#8221;&#8221; add_button=&#8221;bottom&#8221; btn_title=&#8221;MOSTRAR&#8221; btn_shape=&#8221;round&#8221; btn_color=&#8221;warning&#8221; btn_link=&#8221;url:https%3A%2F%2Fwww.educosta.edu.co%2Fwp-content%2Fuploads%2F2025%2F10%2F6.-DECLARACION-DE-RENTA-ANO-2024.pdf||target:%20_blank|&#8221;]<strong><span style=\"color: black;\">6. DECLARACI\u00d3N DE RENTA A\u00d1O 2024 EN FORMATO DE VISUALIZACI\u00d3N PDF<\/span><\/strong>[\/vc_cta][\/vc_column][vc_column width=&#8221;1\/4&#8243;][vc_cta h2=&#8221;&#8221; add_button=&#8221;bottom&#8221; btn_title=&#8221;MOSTRAR&#8221; btn_shape=&#8221;round&#8221; btn_color=&#8221;warning&#8221; btn_link=&#8221;url:https%3A%2F%2Fwww.educosta.edu.co%2Fwp-content%2Fuploads%2F2025%2F10%2F7.-ESTADOS-FINANCIEROS-2024-Y-ACTA-DE-APROBACION-ASAMBLEA.pdf||target:%20_blank|&#8221;]<strong><span style=\"color: black;\">7. ESTADOS FINANCIEROS A\u00d1O 2024 Y ACTA DE APROBACI\u00d3N <\/span><\/strong>[\/vc_cta][\/vc_column][vc_column width=&#8221;1\/4&#8243;][vc_cta h2=&#8221;&#8221; add_button=&#8221;bottom&#8221; btn_title=&#8221;MOSTRAR&#8221; btn_shape=&#8221;round&#8221; btn_color=&#8221;warning&#8221; btn_link=&#8221;url:https%3A%2F%2Fwww.educosta.edu.co%2Fwp-content%2Fuploads%2F2025%2F10%2F8.-CERTIFICADO-DE-EXISTENCIA-Y-RL-Y-MIEMBROS-CONSEJO-DIRECTIVO.pdf||target:%20_blank|&#8221;]<strong><span style=\"color: black;\">8. CERTIFICADO DE EXISTENCIA Y MIEMBROS DEL CONSEJO DIRECTIVO<\/span><\/strong>[\/vc_cta][\/vc_column][\/vc_row][vc_row][vc_column width=&#8221;1\/4&#8243;][vc_cta h2=&#8221;&#8221; add_button=&#8221;bottom&#8221; btn_title=&#8221;MOSTRAR&#8221; btn_shape=&#8221;round&#8221; btn_color=&#8221;warning&#8221; btn_link=&#8221;url:https%3A%2F%2Fwww.educosta.edu.co%2Fwp-content%2Fuploads%2F2025%2F01%2F6.-ESTATUTOS-RES-3309-2024.pdf||target:%20_blank|&#8221;]<strong><span style=\"color: black;\">6. ESTATUTOS RES 3309 &#8211; 2024 DOCUMENTO EN FORMATO PDF<\/span><\/strong>[\/vc_cta][vc_cta h2=&#8221;&#8221; add_button=&#8221;bottom&#8221; btn_title=&#8221;MOSTRAR&#8221; btn_shape=&#8221;round&#8221; btn_color=&#8221;warning&#8221; btn_link=&#8221;url:https%3A%2F%2Fwww.educosta.edu.co%2Fwp-content%2Fuploads%2F2025%2F10%2F10.-ESTATUTOS-RES-3309-2024.pdf||target:%20_blank|&#8221;]<strong><span style=\"color: black;\">10. ESTATUTOS RESOLUCI\u00d3N 3309 &#8211; 2024 FORMATO  PDF<\/span><\/strong>[\/vc_cta][vc_cta h2=&#8221;&#8221; add_button=&#8221;bottom&#8221; btn_title=&#8221;MOSTRAR&#8221; btn_shape=&#8221;round&#8221; btn_color=&#8221;warning&#8221; btn_link=&#8221;url:https%3A%2F%2Fwww.educosta.edu.co%2Fwp-content%2Fuploads%2F2025%2F02%2F20.-RUT-CASILLA-89-CON-ESTADO-ACTUAL-80-PREPARADORES-ESTADOS-FINANCIEROS-NIIF-G2-D-2420-15-1.pdf||target:%20_blank|&#8221;]<strong><span style=\"color: black;\">14. RUT CASILLA 89 CON ESTADO ACTUAL<\/span><\/strong>[\/vc_cta][\/vc_column][vc_column width=&#8221;1\/4&#8243;][vc_cta h2=&#8221;&#8221; add_button=&#8221;bottom&#8221; btn_title=&#8221;MOSTRAR&#8221; btn_shape=&#8221;round&#8221; btn_color=&#8221;warning&#8221; btn_link=&#8221;url:https%3A%2F%2Fwww.educosta.edu.co%2Fwp-content%2Fuploads%2F2025%2F01%2F7.CERTIFICACION-DEL-REPRESENTANTE-LEGAL-DE-LOS-ANTECEDENTES-JUDICIALES-Y-DECLARACION-DE-CADUCIDAD-DE-CONTRATOS-DE-LOS-MIEMBROS-DE-LA-JUNTA-DIRECTIVA-FUNDADORES-REPRESENTANTE-LEGAL-3-ART-364-3-ET.pdf||target:%20_blank|&#8221;]<strong><span style=\"color: black;\">7. CERTIFICACI\u00d3N DEL REPRESENTANTE LEGAL DE LOS ANT. JUDICIALES<\/span><\/strong>[\/vc_cta][vc_cta h2=&#8221;&#8221; add_button=&#8221;bottom&#8221; btn_title=&#8221;MOSTRAR&#8221; btn_shape=&#8221;round&#8221; btn_color=&#8221;warning&#8221; btn_link=&#8221;url:https%3A%2F%2Fwww.educosta.edu.co%2Fwp-content%2Fuploads%2F2025%2F10%2F11.-CERTIFICADO-DE-ANTECEDENTES-JUDICIALES-Y-DECLARACION-DE-CADUCIDAD-1.pdf||target:%20_blank|&#8221;]<strong><span style=\"color: black;\">11. CERTIFICADO DE ANTECEDENTES JUDICIALES<\/span><\/strong>[\/vc_cta][\/vc_column][vc_column width=&#8221;1\/4&#8243;][vc_cta h2=&#8221;&#8221; add_button=&#8221;bottom&#8221; btn_title=&#8221;MOSTRAR&#8221; btn_shape=&#8221;round&#8221; btn_color=&#8221;warning&#8221; btn_link=&#8221;url:https%3A%2F%2Fwww.educosta.edu.co%2Fwp-content%2Fuploads%2F2025%2F01%2F8.CERTIFICACION-CARGOS-DIRECTIVOS-Y-GERENCIALES-ART-19-Y-19-4-ET.pdf||target:%20_blank|&#8221;]<strong><span style=\"color: black;\">8. CERTIFICACI\u00d3N CARGOS DIRECTIVOS Y GERENCIALES<\/span><\/strong>[\/vc_cta][vc_cta h2=&#8221;&#8221; add_button=&#8221;bottom&#8221; btn_title=&#8221;MOSTRAR&#8221; btn_shape=&#8221;round&#8221; btn_color=&#8221;warning&#8221; btn_link=&#8221;url:https%3A%2F%2Fwww.educosta.edu.co%2Fwp-content%2Fuploads%2F2025%2F10%2FRUT-ACTAULIZADO-2025-1.pdf||target:%20_blank|&#8221;]<strong><span style=\"color: black;\">12. RUT ACTUALIZADO 2025 VISUALIZACI\u00d3N EN FORMATO PDF<\/span><\/strong>[\/vc_cta][\/vc_column][vc_column width=&#8221;1\/4&#8243;][vc_cta h2=&#8221;&#8221; add_button=&#8221;bottom&#8221; btn_title=&#8221;MOSTRAR&#8221; btn_shape=&#8221;round&#8221; btn_color=&#8221;warning&#8221; btn_link=&#8221;url:https%3A%2F%2Fwww.educosta.edu.co%2Fwp-content%2Fuploads%2F2025%2F10%2F9.-ACTA-DE-ASAMBLEA-GENERAL-AUTORIZACION-R-LEGAL-PARA-CALIFICACION.pdf||target:%20_blank|&#8221;]<strong><span style=\"color: black;\">9. ACTA DE ASAMBLEA GENERAL AUTORIZACI\u00d3N R LEAGL PARA CALIFICACI\u00d3N <\/span><\/strong>[\/vc_cta][vc_cta h2=&#8221;&#8221; add_button=&#8221;bottom&#8221; btn_title=&#8221;MOSTRAR&#8221; btn_shape=&#8221;round&#8221; btn_color=&#8221;warning&#8221; btn_link=&#8221;url:https%3A%2F%2Fwww.educosta.edu.co%2Fwp-content%2Fuploads%2F2025%2F02%2F18.-CERTIFICADO-DE-EXISTENCIA-Y-R.-LEGAL-Y-MIEMBROS-ORGANOS-DIRECTIVOS.pdf||target:%20_blank|&#8221;]<strong><span style=\"color: black;\">13. CERTIFICACI\u00d3N DE EXISTENCIA Y R. LEGAL<\/span><\/strong>[\/vc_cta][\/vc_column][\/vc_row][vc_row][vc_column width=&#8221;1\/4&#8243;][\/vc_column][vc_column width=&#8221;1\/4&#8243;][\/vc_column][vc_column width=&#8221;1\/4&#8243;][\/vc_column][vc_column width=&#8221;1\/4&#8243;][\/vc_column][\/vc_row]<\/p>\n","protected":false},"excerpt":{"rendered":"<p>[vc_row][vc_column][vc_column_text] La siguiente informaci\u00f3n, por regulaci\u00f3n de la DIAN, debe publicarse por 10 d\u00edas en la pagina web de EDUCOSTA para acceso publico y se permitir\u00e1<span class=\"excerpt-hellip\"> [\u2026]<\/span><\/p>\n","protected":false},"author":1,"featured_media":0,"parent":0,"menu_order":0,"comment_status":"closed","ping_status":"closed","template":"","meta":[],"_links":{"self":[{"href":"https:\/\/www.educosta.edu.co\/index.php?rest_route=\/wp\/v2\/pages\/123"}],"collection":[{"href":"https:\/\/www.educosta.edu.co\/index.php?rest_route=\/wp\/v2\/pages"}],"about":[{"href":"https:\/\/www.educosta.edu.co\/index.php?rest_route=\/wp\/v2\/types\/page"}],"author":[{"embeddable":true,"href":"https:\/\/www.educosta.edu.co\/index.php?rest_route=\/wp\/v2\/users\/1"}],"replies":[{"embeddable":true,"href":"https:\/\/www.educosta.edu.co\/index.php?rest_route=%2Fwp%2Fv2%2Fcomments&post=123"}],"version-history":[{"count":25,"href":"https:\/\/www.educosta.edu.co\/index.php?rest_route=\/wp\/v2\/pages\/123\/revisions"}],"predecessor-version":[{"id":998,"href":"https:\/\/www.educosta.edu.co\/index.php?rest_route=\/wp\/v2\/pages\/123\/revisions\/998"}],"wp:attachment":[{"href":"https:\/\/www.educosta.edu.co\/index.php?rest_route=%2Fwp%2Fv2%2Fmedia&parent=123"}],"curies":[{"name":"wp","href":"https:\/\/api.w.org\/{rel}","templated":true}]}}